{"id":510,"date":"2019-04-05T12:25:42","date_gmt":"2019-04-05T16:25:42","guid":{"rendered":"https:\/\/gava.org\/?page_id=510"},"modified":"2020-09-21T18:19:29","modified_gmt":"2020-09-21T22:19:29","slug":"rencontres-evenements","status":"publish","type":"page","link":"https:\/\/gava.org\/fr\/rencontres-evenements\/","title":{"rendered":"Rencontres &#038; \u00e9v\u00e9nements"},"content":{"rendered":"<p>GAVA organise occasionnellement des rencontres techniques, strat\u00e9giques et de planification au niveau mondial, r\u00e9gional ou national, r\u00e9unissant les principales parties prenantes, les organismes partenaires et autres partenaires en assistance technique.<\/p>\n<p>Sur cette page, vous trouverez des documents utiles et des r\u00e9sum\u00e9s de ces rencontres.<\/p>\n<h3><a href=\"https:\/\/gava.org\/fr\/rencontres-evenements\/symposium-regional-2016\/\">Symposium r\u00e9gional 2016 : Suppl\u00e9mentation en vitamine A pour la survie de l&rsquo;enfant en Afrique Subsaharienne<\/a><\/h3>\n<h3><a href=\"https:\/\/gava.org\/fr\/rencontres-evenements\/consultation-technique-2017\/\">Consultation technique 2017 : Estimation de l\u2019\u00e9tat en vitamine A dans les \u00e9tudes de population<\/a><\/h3>\n<h3><a href=\"https:\/\/gava.org\/fr\/sva-covid-19\/webinaire-sur-le-guide-operationnel-de-la-covid-19\/\">Webinaire 2020 : Op\u00e9rationnaliser la suppl\u00e9mentation en vitamine A (SVA) dans le contexte de la COVID-19<\/a><\/h3>\n","protected":false},"excerpt":{"rendered":"<p>GAVA organise occasionnellement des rencontres techniques, strat\u00e9giques et de planification au niveau mondial, r\u00e9gional ou national, r\u00e9unissant les principales parties prenantes, les organismes partenaires et autres partenaires en assistance technique. Sur cette page, vous trouverez des documents utiles et des r\u00e9sum\u00e9s de ces rencontres. Symposium r\u00e9gional 2016 : Suppl\u00e9mentation en vitamine A pour la survie [&hellip;]<\/p>\n","protected":false},"author":4,"featured_media":0,"parent":0,"menu_order":0,"comment_status":"closed","ping_status":"closed","template":"","meta":{"footnotes":""},"class_list":["post-510","page","type-page","status-publish","hentry"],"yoast_head":"<!-- This site is optimized with the Yoast SEO plugin v27.3 - https:\/\/yoast.com\/product\/yoast-seo-wordpress\/ -->\n<title>Rencontres &amp; \u00e9v\u00e9nements - The Global Alliance for Vitamin A (GAVA)<\/title>\n<meta name=\"robots\" content=\"index, follow, max-snippet:-1, max-image-preview:large, max-video-preview:-1\" \/>\n<link rel=\"canonical\" href=\"https:\/\/gava.org\/fr\/rencontres-evenements\/\" \/>\n<meta property=\"og:locale\" content=\"fr_FR\" \/>\n<meta property=\"og:type\" content=\"article\" \/>\n<meta property=\"og:title\" content=\"Rencontres &amp; \u00e9v\u00e9nements - The Global Alliance for Vitamin A (GAVA)\" \/>\n<meta property=\"og:description\" content=\"GAVA organise occasionnellement des rencontres techniques, strat\u00e9giques et de planification au niveau mondial, r\u00e9gional ou national, r\u00e9unissant les principales parties prenantes, les organismes partenaires et autres partenaires en assistance technique. Sur cette page, vous trouverez des documents utiles et des r\u00e9sum\u00e9s de ces rencontres. Symposium r\u00e9gional 2016 : Suppl\u00e9mentation en vitamine A pour la survie [&hellip;]\" \/>\n<meta property=\"og:url\" content=\"https:\/\/gava.org\/fr\/rencontres-evenements\/\" \/>\n<meta property=\"og:site_name\" content=\"The Global Alliance for Vitamin A (GAVA)\" \/>\n<meta property=\"article:modified_time\" content=\"2020-09-21T22:19:29+00:00\" \/>\n<meta property=\"og:image\" content=\"https:\/\/gava.org\/content\/user_files\/2017\/03\/gava_logo.png\" \/>\n\t<meta property=\"og:image:width\" content=\"341\" \/>\n\t<meta property=\"og:image:height\" content=\"160\" \/>\n\t<meta property=\"og:image:type\" content=\"image\/png\" \/>\n<meta name=\"twitter:card\" content=\"summary_large_image\" \/>\n<script type=\"application\/ld+json\" class=\"yoast-schema-graph\">{\"@context\":\"https:\\\/\\\/schema.org\",\"@graph\":[{\"@type\":\"WebPage\",\"@id\":\"https:\\\/\\\/gava.org\\\/fr\\\/rencontres-evenements\\\/\",\"url\":\"https:\\\/\\\/gava.org\\\/fr\\\/rencontres-evenements\\\/\",\"name\":\"Rencontres & \u00e9v\u00e9nements - The Global Alliance for Vitamin A (GAVA)\",\"isPartOf\":{\"@id\":\"https:\\\/\\\/gava.org\\\/#website\"},\"datePublished\":\"2019-04-05T16:25:42+00:00\",\"dateModified\":\"2020-09-21T22:19:29+00:00\",\"breadcrumb\":{\"@id\":\"https:\\\/\\\/gava.org\\\/fr\\\/rencontres-evenements\\\/#breadcrumb\"},\"inLanguage\":\"fr-FR\",\"potentialAction\":[{\"@type\":\"ReadAction\",\"target\":[\"https:\\\/\\\/gava.org\\\/fr\\\/rencontres-evenements\\\/\"]}]},{\"@type\":\"BreadcrumbList\",\"@id\":\"https:\\\/\\\/gava.org\\\/fr\\\/rencontres-evenements\\\/#breadcrumb\",\"itemListElement\":[{\"@type\":\"ListItem\",\"position\":1,\"name\":\"Accueil\",\"item\":\"https:\\\/\\\/gava.org\\\/fr\\\/\"},{\"@type\":\"ListItem\",\"position\":2,\"name\":\"Rencontres &#038; \u00e9v\u00e9nements\"}]},{\"@type\":\"WebSite\",\"@id\":\"https:\\\/\\\/gava.org\\\/#website\",\"url\":\"https:\\\/\\\/gava.org\\\/\",\"name\":\"The Global Alliance for Vitamin A (GAVA)\",\"description\":\"The Global Alliance for Vitamin A (GAVA)\",\"publisher\":{\"@id\":\"https:\\\/\\\/gava.org\\\/#organization\"},\"potentialAction\":[{\"@type\":\"SearchAction\",\"target\":{\"@type\":\"EntryPoint\",\"urlTemplate\":\"https:\\\/\\\/gava.org\\\/?s={search_term_string}\"},\"query-input\":{\"@type\":\"PropertyValueSpecification\",\"valueRequired\":true,\"valueName\":\"search_term_string\"}}],\"inLanguage\":\"fr-FR\"},{\"@type\":\"Organization\",\"@id\":\"https:\\\/\\\/gava.org\\\/#organization\",\"name\":\"GAVA\",\"url\":\"https:\\\/\\\/gava.org\\\/\",\"logo\":{\"@type\":\"ImageObject\",\"inLanguage\":\"fr-FR\",\"@id\":\"https:\\\/\\\/gava.org\\\/#\\\/schema\\\/logo\\\/image\\\/\",\"url\":\"https:\\\/\\\/gava.org\\\/content\\\/user_files\\\/2017\\\/03\\\/gava_logo.png\",\"contentUrl\":\"https:\\\/\\\/gava.org\\\/content\\\/user_files\\\/2017\\\/03\\\/gava_logo.png\",\"width\":341,\"height\":160,\"caption\":\"GAVA\"},\"image\":{\"@id\":\"https:\\\/\\\/gava.org\\\/#\\\/schema\\\/logo\\\/image\\\/\"}}]}<\/script>\n<!-- \/ Yoast SEO plugin. -->","yoast_head_json":{"title":"Rencontres & \u00e9v\u00e9nements - The Global Alliance for Vitamin A (GAVA)","robots":{"index":"index","follow":"follow","max-snippet":"max-snippet:-1","max-image-preview":"max-image-preview:large","max-video-preview":"max-video-preview:-1"},"canonical":"https:\/\/gava.org\/fr\/rencontres-evenements\/","og_locale":"fr_FR","og_type":"article","og_title":"Rencontres & \u00e9v\u00e9nements - The Global Alliance for Vitamin A (GAVA)","og_description":"GAVA organise occasionnellement des rencontres techniques, strat\u00e9giques et de planification au niveau mondial, r\u00e9gional ou national, r\u00e9unissant les principales parties prenantes, les organismes partenaires et autres partenaires en assistance technique. Sur cette page, vous trouverez des documents utiles et des r\u00e9sum\u00e9s de ces rencontres. Symposium r\u00e9gional 2016 : Suppl\u00e9mentation en vitamine A pour la survie [&hellip;]","og_url":"https:\/\/gava.org\/fr\/rencontres-evenements\/","og_site_name":"The Global Alliance for Vitamin A (GAVA)","article_modified_time":"2020-09-21T22:19:29+00:00","og_image":[{"width":341,"height":160,"url":"https:\/\/gava.org\/content\/user_files\/2017\/03\/gava_logo.png","type":"image\/png"}],"twitter_card":"summary_large_image","schema":{"@context":"https:\/\/schema.org","@graph":[{"@type":"WebPage","@id":"https:\/\/gava.org\/fr\/rencontres-evenements\/","url":"https:\/\/gava.org\/fr\/rencontres-evenements\/","name":"Rencontres & \u00e9v\u00e9nements - The Global Alliance for Vitamin A (GAVA)","isPartOf":{"@id":"https:\/\/gava.org\/#website"},"datePublished":"2019-04-05T16:25:42+00:00","dateModified":"2020-09-21T22:19:29+00:00","breadcrumb":{"@id":"https:\/\/gava.org\/fr\/rencontres-evenements\/#breadcrumb"},"inLanguage":"fr-FR","potentialAction":[{"@type":"ReadAction","target":["https:\/\/gava.org\/fr\/rencontres-evenements\/"]}]},{"@type":"BreadcrumbList","@id":"https:\/\/gava.org\/fr\/rencontres-evenements\/#breadcrumb","itemListElement":[{"@type":"ListItem","position":1,"name":"Accueil","item":"https:\/\/gava.org\/fr\/"},{"@type":"ListItem","position":2,"name":"Rencontres &#038; \u00e9v\u00e9nements"}]},{"@type":"WebSite","@id":"https:\/\/gava.org\/#website","url":"https:\/\/gava.org\/","name":"The Global Alliance for Vitamin A (GAVA)","description":"The Global Alliance for Vitamin A (GAVA)","publisher":{"@id":"https:\/\/gava.org\/#organization"},"potentialAction":[{"@type":"SearchAction","target":{"@type":"EntryPoint","urlTemplate":"https:\/\/gava.org\/?s={search_term_string}"},"query-input":{"@type":"PropertyValueSpecification","valueRequired":true,"valueName":"search_term_string"}}],"inLanguage":"fr-FR"},{"@type":"Organization","@id":"https:\/\/gava.org\/#organization","name":"GAVA","url":"https:\/\/gava.org\/","logo":{"@type":"ImageObject","inLanguage":"fr-FR","@id":"https:\/\/gava.org\/#\/schema\/logo\/image\/","url":"https:\/\/gava.org\/content\/user_files\/2017\/03\/gava_logo.png","contentUrl":"https:\/\/gava.org\/content\/user_files\/2017\/03\/gava_logo.png","width":341,"height":160,"caption":"GAVA"},"image":{"@id":"https:\/\/gava.org\/#\/schema\/logo\/image\/"}}]}},"_links":{"self":[{"href":"https:\/\/gava.org\/fr\/wp-json\/wp\/v2\/pages\/510","targetHints":{"allow":["GET"]}}],"collection":[{"href":"https:\/\/gava.org\/fr\/wp-json\/wp\/v2\/pages"}],"about":[{"href":"https:\/\/gava.org\/fr\/wp-json\/wp\/v2\/types\/page"}],"author":[{"embeddable":true,"href":"https:\/\/gava.org\/fr\/wp-json\/wp\/v2\/users\/4"}],"replies":[{"embeddable":true,"href":"https:\/\/gava.org\/fr\/wp-json\/wp\/v2\/comments?post=510"}],"version-history":[{"count":6,"href":"https:\/\/gava.org\/fr\/wp-json\/wp\/v2\/pages\/510\/revisions"}],"predecessor-version":[{"id":1060,"href":"https:\/\/gava.org\/fr\/wp-json\/wp\/v2\/pages\/510\/revisions\/1060"}],"wp:attachment":[{"href":"https:\/\/gava.org\/fr\/wp-json\/wp\/v2\/media?parent=510"}],"curies":[{"name":"wp","href":"https:\/\/api.w.org\/{rel}","templated":true}]}}