{"id":1156,"date":"2020-10-28T15:11:13","date_gmt":"2020-10-28T19:11:13","guid":{"rendered":"https:\/\/gava.org\/?page_id=1156"},"modified":"2021-05-07T15:55:46","modified_gmt":"2021-05-07T19:55:46","slug":"outils-de-travail-visuels","status":"publish","type":"page","link":"https:\/\/gava.org\/fr\/sva-covid-19\/outils-de-travail-visuels\/","title":{"rendered":"SVA et COVID-19: Outils de travail visuels"},"content":{"rendered":"<img loading=\"lazy\" decoding=\"async\" class=\"alignright wp-image-1160\" src=\"https:\/\/gava.org\/content\/user_files\/2020\/10\/black-man-holding-mobile-phone-with-blank-screen-i-L7A93RT-edit-2-1024x683.jpg\" alt=\"\" width=\"349\" height=\"233\" srcset=\"https:\/\/gava.org\/content\/user_files\/2020\/10\/black-man-holding-mobile-phone-with-blank-screen-i-L7A93RT-edit-2-1024x683.jpg 1024w, https:\/\/gava.org\/content\/user_files\/2020\/10\/black-man-holding-mobile-phone-with-blank-screen-i-L7A93RT-edit-2-300x200.jpg 300w, https:\/\/gava.org\/content\/user_files\/2020\/10\/black-man-holding-mobile-phone-with-blank-screen-i-L7A93RT-edit-2-768x512.jpg 768w, https:\/\/gava.org\/content\/user_files\/2020\/10\/black-man-holding-mobile-phone-with-blank-screen-i-L7A93RT-edit-2-1536x1024.jpg 1536w, https:\/\/gava.org\/content\/user_files\/2020\/10\/black-man-holding-mobile-phone-with-blank-screen-i-L7A93RT-edit-2-2048x1365.jpg 2048w\" sizes=\"auto, (max-width: 349px) 100vw, 349px\" \/>\n<p>GAVA a con\u00e7u trois outils de travail visuels pour les agents de sant\u00e9 de premi\u00e8re ligne qui ont d\u00e9j\u00e0 re\u00e7u la formation sur l\u2019administration s\u00e9curitaire de la suppl\u00e9mentation en vitamine A (SVA) dans le contexte de la pand\u00e9mie de COVID-19. Elles ne constituent pas des outils de formation autonomes.<\/p>\n<p>Il s\u2019agit de vid\u00e9os compl\u00e9mentaires \u00e0 la formation exhaustive qui tient compte des directives locales et qui se conforment \u00e0 l\u2019orientation d\u00e9taill\u00e9e retrouv\u00e9e dans le <a href=\"https:\/\/gava.org\/content\/user_files\/2020\/06\/Orientations-Op%C3%A9rationnelles-GAVA-SVA-dans-le-contexte-du-COVID-19.pdf\">guide op\u00e9rationnel de GAVA sur l\u2019administration de la SVA dans le contexte de la pand\u00e9mie de COVID-19<\/a>.<\/p>\n<p>Nous avons d\u00e9velopp\u00e9 ces vid\u00e9os pour qu\u2019elles puissent \u00eatre pertinentes mondialement, dans une multitude de contextes, et elles sont courtes et destin\u00e9es \u00e0 des applications mobiles, afin de les partager avec les agents de premi\u00e8re ligne qui administrent la SVA.<\/p>\n<p>Cliquez sur les liens ci-dessous pour t\u00e9l\u00e9charger un fichier ZIP contenant toutes les vid\u00e9os dans la langue de votre choix\u00a0:<\/p>\n<ul>\n<li><a href=\"https:\/\/gava.org\/videos\/GAVA-VAS-COVID-19-Video-Job-Aids-ENGLISH.zip\">GAVA outils de travail visuels SVA &amp; COVID-19 \u2013 anglais<\/a><\/li>\n<li><a href=\"https:\/\/gava.org\/videos\/GAVA-VAS-COVID-19-Video-Job-Aids-FRENCH.zip\">GAVA outils de travail visuels SVA &amp; COVID-19 \u2013 fran\u00e7ais<\/a><\/li>\n<li><a href=\"https:\/\/gava.org\/videos\/GAVA-VAS-COVID-19-Video-Job-Aids-ARABIC.zip\">GAVA outils de travail visuels SVA &amp; COVID-19 \u2013 arabe<\/a><\/li>\n<li><a href=\"https:\/\/gava.org\/videos\/GAVA-VAS-COVID-19-Video-Job-Aids-PORTUGUESE.zip\">GAVA outils de travail visuels SVA &amp; COVID-19 \u2013 portugais<\/a><\/li>\n<\/ul>\n<p>&nbsp;<\/p>\n<p><strong>1<sup>re<\/sup> Vid\u00e9o : Comment administrer la SVA dans un contexte de COVID-19 \u00e0 un endroit fixe<\/strong><\/p>\n<p><iframe loading=\"lazy\" src=\"https:\/\/www.youtube.com\/embed\/gxx3RL5Ck60\" width=\"560\" height=\"315\" frameborder=\"0\" allowfullscreen=\"allowfullscreen\"><\/iframe><\/p>\n<p>&nbsp;<\/p>\n<p><strong>2<sup>e<\/sup> Vid\u00e9o : Comment administrer la SVA dans un contexte de COVID-19 aux domiciles<\/strong><\/p>\n<p><iframe loading=\"lazy\" src=\"https:\/\/www.youtube.com\/embed\/59qnyxgAf1A\" width=\"560\" height=\"315\" frameborder=\"0\" allowfullscreen=\"allowfullscreen\"><\/iframe><br \/>\n<strong>3<sup>e<\/sup> Vid\u00e9o : Comment administrer la SVA dans un contexte de COVID-19 &#8211; \u00ab M\u00e9thode donneur de soins \u00bb<\/strong><\/p>\n<p><iframe loading=\"lazy\" src=\"https:\/\/www.youtube.com\/embed\/FKvNnS78r7A\" width=\"560\" height=\"315\" frameborder=\"0\" allowfullscreen=\"allowfullscreen\"><\/iframe><\/p>\n","protected":false},"excerpt":{"rendered":"<p>GAVA a con\u00e7u trois outils de travail visuels pour les agents de sant\u00e9 de premi\u00e8re ligne qui ont d\u00e9j\u00e0 re\u00e7u la formation sur l\u2019administration s\u00e9curitaire de la suppl\u00e9mentation en vitamine A (SVA) dans le contexte de la pand\u00e9mie de COVID-19. Elles ne constituent pas des outils de formation autonomes. Il s\u2019agit de vid\u00e9os compl\u00e9mentaires \u00e0 [&hellip;]<\/p>\n","protected":false},"author":4,"featured_media":0,"parent":866,"menu_order":0,"comment_status":"closed","ping_status":"closed","template":"","meta":{"footnotes":""},"class_list":["post-1156","page","type-page","status-publish","hentry"],"yoast_head":"<!-- This site is optimized with the Yoast SEO plugin v27.3 - https:\/\/yoast.com\/product\/yoast-seo-wordpress\/ -->\n<title>SVA et COVID-19: Outils de travail visuels - The Global Alliance for Vitamin A (GAVA)<\/title>\n<meta name=\"robots\" content=\"index, follow, max-snippet:-1, max-image-preview:large, max-video-preview:-1\" \/>\n<link rel=\"canonical\" href=\"https:\/\/gava.org\/fr\/sva-covid-19\/outils-de-travail-visuels\/\" \/>\n<meta property=\"og:locale\" content=\"fr_FR\" \/>\n<meta property=\"og:type\" content=\"article\" \/>\n<meta property=\"og:title\" content=\"SVA et COVID-19: Outils de travail visuels - The Global Alliance for Vitamin A (GAVA)\" \/>\n<meta property=\"og:description\" content=\"GAVA a con\u00e7u trois outils de travail visuels pour les agents de sant\u00e9 de premi\u00e8re ligne qui ont d\u00e9j\u00e0 re\u00e7u la formation sur l\u2019administration s\u00e9curitaire de la suppl\u00e9mentation en vitamine A (SVA) dans le contexte de la pand\u00e9mie de COVID-19. Elles ne constituent pas des outils de formation autonomes. Il s\u2019agit de vid\u00e9os compl\u00e9mentaires \u00e0 [&hellip;]\" \/>\n<meta property=\"og:url\" content=\"https:\/\/gava.org\/fr\/sva-covid-19\/outils-de-travail-visuels\/\" \/>\n<meta property=\"og:site_name\" content=\"The Global Alliance for Vitamin A (GAVA)\" \/>\n<meta property=\"article:modified_time\" content=\"2021-05-07T19:55:46+00:00\" \/>\n<meta property=\"og:image\" content=\"https:\/\/gava.org\/content\/user_files\/2020\/10\/black-man-holding-mobile-phone-with-blank-screen-i-L7A93RT-edit-2-1024x683.jpg\" \/>\n<meta name=\"twitter:card\" content=\"summary_large_image\" \/>\n<meta name=\"twitter:image\" content=\"http:\/\/-2819\" \/>\n<meta name=\"twitter:label1\" content=\"Dur\u00e9e de lecture estim\u00e9e\" \/>\n\t<meta name=\"twitter:data1\" content=\"2 minutes\" \/>\n<script type=\"application\/ld+json\" class=\"yoast-schema-graph\">{\"@context\":\"https:\\\/\\\/schema.org\",\"@graph\":[{\"@type\":\"WebPage\",\"@id\":\"https:\\\/\\\/gava.org\\\/fr\\\/sva-covid-19\\\/outils-de-travail-visuels\\\/\",\"url\":\"https:\\\/\\\/gava.org\\\/fr\\\/sva-covid-19\\\/outils-de-travail-visuels\\\/\",\"name\":\"SVA et COVID-19: Outils de travail visuels - The Global Alliance for Vitamin A (GAVA)\",\"isPartOf\":{\"@id\":\"https:\\\/\\\/gava.org\\\/#website\"},\"primaryImageOfPage\":{\"@id\":\"https:\\\/\\\/gava.org\\\/fr\\\/sva-covid-19\\\/outils-de-travail-visuels\\\/#primaryimage\"},\"image\":{\"@id\":\"https:\\\/\\\/gava.org\\\/fr\\\/sva-covid-19\\\/outils-de-travail-visuels\\\/#primaryimage\"},\"thumbnailUrl\":\"https:\\\/\\\/gava.org\\\/content\\\/user_files\\\/2020\\\/10\\\/black-man-holding-mobile-phone-with-blank-screen-i-L7A93RT-edit-2-1024x683.jpg\",\"datePublished\":\"2020-10-28T19:11:13+00:00\",\"dateModified\":\"2021-05-07T19:55:46+00:00\",\"breadcrumb\":{\"@id\":\"https:\\\/\\\/gava.org\\\/fr\\\/sva-covid-19\\\/outils-de-travail-visuels\\\/#breadcrumb\"},\"inLanguage\":\"fr-FR\",\"potentialAction\":[{\"@type\":\"ReadAction\",\"target\":[\"https:\\\/\\\/gava.org\\\/fr\\\/sva-covid-19\\\/outils-de-travail-visuels\\\/\"]}]},{\"@type\":\"ImageObject\",\"inLanguage\":\"fr-FR\",\"@id\":\"https:\\\/\\\/gava.org\\\/fr\\\/sva-covid-19\\\/outils-de-travail-visuels\\\/#primaryimage\",\"url\":\"https:\\\/\\\/gava.org\\\/content\\\/user_files\\\/2020\\\/10\\\/black-man-holding-mobile-phone-with-blank-screen-i-L7A93RT-edit-2-1024x683.jpg\",\"contentUrl\":\"https:\\\/\\\/gava.org\\\/content\\\/user_files\\\/2020\\\/10\\\/black-man-holding-mobile-phone-with-blank-screen-i-L7A93RT-edit-2-1024x683.jpg\"},{\"@type\":\"BreadcrumbList\",\"@id\":\"https:\\\/\\\/gava.org\\\/fr\\\/sva-covid-19\\\/outils-de-travail-visuels\\\/#breadcrumb\",\"itemListElement\":[{\"@type\":\"ListItem\",\"position\":1,\"name\":\"Accueil\",\"item\":\"https:\\\/\\\/gava.org\\\/fr\\\/\"},{\"@type\":\"ListItem\",\"position\":2,\"name\":\"SVA &#038; COVID-19\",\"item\":\"https:\\\/\\\/gava.org\\\/fr\\\/sva-covid-19\\\/\"},{\"@type\":\"ListItem\",\"position\":3,\"name\":\"SVA et COVID-19: Outils de travail visuels\"}]},{\"@type\":\"WebSite\",\"@id\":\"https:\\\/\\\/gava.org\\\/#website\",\"url\":\"https:\\\/\\\/gava.org\\\/\",\"name\":\"The Global Alliance for Vitamin A (GAVA)\",\"description\":\"The Global Alliance for Vitamin A (GAVA)\",\"publisher\":{\"@id\":\"https:\\\/\\\/gava.org\\\/#organization\"},\"potentialAction\":[{\"@type\":\"SearchAction\",\"target\":{\"@type\":\"EntryPoint\",\"urlTemplate\":\"https:\\\/\\\/gava.org\\\/?s={search_term_string}\"},\"query-input\":{\"@type\":\"PropertyValueSpecification\",\"valueRequired\":true,\"valueName\":\"search_term_string\"}}],\"inLanguage\":\"fr-FR\"},{\"@type\":\"Organization\",\"@id\":\"https:\\\/\\\/gava.org\\\/#organization\",\"name\":\"GAVA\",\"url\":\"https:\\\/\\\/gava.org\\\/\",\"logo\":{\"@type\":\"ImageObject\",\"inLanguage\":\"fr-FR\",\"@id\":\"https:\\\/\\\/gava.org\\\/#\\\/schema\\\/logo\\\/image\\\/\",\"url\":\"https:\\\/\\\/gava.org\\\/content\\\/user_files\\\/2017\\\/03\\\/gava_logo.png\",\"contentUrl\":\"https:\\\/\\\/gava.org\\\/content\\\/user_files\\\/2017\\\/03\\\/gava_logo.png\",\"width\":341,\"height\":160,\"caption\":\"GAVA\"},\"image\":{\"@id\":\"https:\\\/\\\/gava.org\\\/#\\\/schema\\\/logo\\\/image\\\/\"}}]}<\/script>\n<!-- \/ Yoast SEO plugin. -->","yoast_head_json":{"title":"SVA et COVID-19: Outils de travail visuels - The Global Alliance for Vitamin A (GAVA)","robots":{"index":"index","follow":"follow","max-snippet":"max-snippet:-1","max-image-preview":"max-image-preview:large","max-video-preview":"max-video-preview:-1"},"canonical":"https:\/\/gava.org\/fr\/sva-covid-19\/outils-de-travail-visuels\/","og_locale":"fr_FR","og_type":"article","og_title":"SVA et COVID-19: Outils de travail visuels - The Global Alliance for Vitamin A (GAVA)","og_description":"GAVA a con\u00e7u trois outils de travail visuels pour les agents de sant\u00e9 de premi\u00e8re ligne qui ont d\u00e9j\u00e0 re\u00e7u la formation sur l\u2019administration s\u00e9curitaire de la suppl\u00e9mentation en vitamine A (SVA) dans le contexte de la pand\u00e9mie de COVID-19. Elles ne constituent pas des outils de formation autonomes. Il s\u2019agit de vid\u00e9os compl\u00e9mentaires \u00e0 [&hellip;]","og_url":"https:\/\/gava.org\/fr\/sva-covid-19\/outils-de-travail-visuels\/","og_site_name":"The Global Alliance for Vitamin A (GAVA)","article_modified_time":"2021-05-07T19:55:46+00:00","og_image":[{"url":"https:\/\/gava.org\/content\/user_files\/2020\/10\/black-man-holding-mobile-phone-with-blank-screen-i-L7A93RT-edit-2-1024x683.jpg","type":"","width":"","height":""}],"twitter_card":"summary_large_image","twitter_image":"-2819","twitter_misc":{"Dur\u00e9e de lecture estim\u00e9e":"2 minutes"},"schema":{"@context":"https:\/\/schema.org","@graph":[{"@type":"WebPage","@id":"https:\/\/gava.org\/fr\/sva-covid-19\/outils-de-travail-visuels\/","url":"https:\/\/gava.org\/fr\/sva-covid-19\/outils-de-travail-visuels\/","name":"SVA et COVID-19: Outils de travail visuels - The Global Alliance for Vitamin A (GAVA)","isPartOf":{"@id":"https:\/\/gava.org\/#website"},"primaryImageOfPage":{"@id":"https:\/\/gava.org\/fr\/sva-covid-19\/outils-de-travail-visuels\/#primaryimage"},"image":{"@id":"https:\/\/gava.org\/fr\/sva-covid-19\/outils-de-travail-visuels\/#primaryimage"},"thumbnailUrl":"https:\/\/gava.org\/content\/user_files\/2020\/10\/black-man-holding-mobile-phone-with-blank-screen-i-L7A93RT-edit-2-1024x683.jpg","datePublished":"2020-10-28T19:11:13+00:00","dateModified":"2021-05-07T19:55:46+00:00","breadcrumb":{"@id":"https:\/\/gava.org\/fr\/sva-covid-19\/outils-de-travail-visuels\/#breadcrumb"},"inLanguage":"fr-FR","potentialAction":[{"@type":"ReadAction","target":["https:\/\/gava.org\/fr\/sva-covid-19\/outils-de-travail-visuels\/"]}]},{"@type":"ImageObject","inLanguage":"fr-FR","@id":"https:\/\/gava.org\/fr\/sva-covid-19\/outils-de-travail-visuels\/#primaryimage","url":"https:\/\/gava.org\/content\/user_files\/2020\/10\/black-man-holding-mobile-phone-with-blank-screen-i-L7A93RT-edit-2-1024x683.jpg","contentUrl":"https:\/\/gava.org\/content\/user_files\/2020\/10\/black-man-holding-mobile-phone-with-blank-screen-i-L7A93RT-edit-2-1024x683.jpg"},{"@type":"BreadcrumbList","@id":"https:\/\/gava.org\/fr\/sva-covid-19\/outils-de-travail-visuels\/#breadcrumb","itemListElement":[{"@type":"ListItem","position":1,"name":"Accueil","item":"https:\/\/gava.org\/fr\/"},{"@type":"ListItem","position":2,"name":"SVA &#038; COVID-19","item":"https:\/\/gava.org\/fr\/sva-covid-19\/"},{"@type":"ListItem","position":3,"name":"SVA et COVID-19: Outils de travail visuels"}]},{"@type":"WebSite","@id":"https:\/\/gava.org\/#website","url":"https:\/\/gava.org\/","name":"The Global Alliance for Vitamin A (GAVA)","description":"The Global Alliance for Vitamin A (GAVA)","publisher":{"@id":"https:\/\/gava.org\/#organization"},"potentialAction":[{"@type":"SearchAction","target":{"@type":"EntryPoint","urlTemplate":"https:\/\/gava.org\/?s={search_term_string}"},"query-input":{"@type":"PropertyValueSpecification","valueRequired":true,"valueName":"search_term_string"}}],"inLanguage":"fr-FR"},{"@type":"Organization","@id":"https:\/\/gava.org\/#organization","name":"GAVA","url":"https:\/\/gava.org\/","logo":{"@type":"ImageObject","inLanguage":"fr-FR","@id":"https:\/\/gava.org\/#\/schema\/logo\/image\/","url":"https:\/\/gava.org\/content\/user_files\/2017\/03\/gava_logo.png","contentUrl":"https:\/\/gava.org\/content\/user_files\/2017\/03\/gava_logo.png","width":341,"height":160,"caption":"GAVA"},"image":{"@id":"https:\/\/gava.org\/#\/schema\/logo\/image\/"}}]}},"_links":{"self":[{"href":"https:\/\/gava.org\/fr\/wp-json\/wp\/v2\/pages\/1156","targetHints":{"allow":["GET"]}}],"collection":[{"href":"https:\/\/gava.org\/fr\/wp-json\/wp\/v2\/pages"}],"about":[{"href":"https:\/\/gava.org\/fr\/wp-json\/wp\/v2\/types\/page"}],"author":[{"embeddable":true,"href":"https:\/\/gava.org\/fr\/wp-json\/wp\/v2\/users\/4"}],"replies":[{"embeddable":true,"href":"https:\/\/gava.org\/fr\/wp-json\/wp\/v2\/comments?post=1156"}],"version-history":[{"count":7,"href":"https:\/\/gava.org\/fr\/wp-json\/wp\/v2\/pages\/1156\/revisions"}],"predecessor-version":[{"id":1257,"href":"https:\/\/gava.org\/fr\/wp-json\/wp\/v2\/pages\/1156\/revisions\/1257"}],"up":[{"embeddable":true,"href":"https:\/\/gava.org\/fr\/wp-json\/wp\/v2\/pages\/866"}],"wp:attachment":[{"href":"https:\/\/gava.org\/fr\/wp-json\/wp\/v2\/media?parent=1156"}],"curies":[{"name":"wp","href":"https:\/\/api.w.org\/{rel}","templated":true}]}}